{"id":123,"date":"2021-01-30T23:48:40","date_gmt":"2021-01-30T23:48:40","guid":{"rendered":"http:\/\/localhost\/murusplus\/?page_id=123"},"modified":"2021-02-17T18:27:58","modified_gmt":"2021-02-17T18:27:58","slug":"uber-uns","status":"publish","type":"page","link":"https:\/\/murusplus.com\/en\/uber-uns\/","title":{"rendered":"ABOUT US"},"content":{"rendered":"<div data-elementor-type=\"wp-page\" data-elementor-id=\"123\" class=\"elementor elementor-123\">\n\t\t\t\t\t\t<section class=\"elementor-section elementor-top-section elementor-element elementor-element-cf95d08 elementor-section-full_width elementor-section-height-default elementor-section-height-default\" data-id=\"cf95d08\" data-element_type=\"section\" data-e-type=\"section\" data-settings=\"{&quot;background_background&quot;:&quot;classic&quot;}\">\n\t\t\t\t\t\t<div class=\"elementor-container elementor-column-gap-default\">\n\t\t\t\t\t<div class=\"elementor-column elementor-col-100 elementor-top-column elementor-element elementor-element-c8ebfd4\" data-id=\"c8ebfd4\" data-element_type=\"column\" data-e-type=\"column\">\n\t\t\t<div class=\"elementor-widget-wrap elementor-element-populated\">\n\t\t\t\t\t\t<div class=\"elementor-element elementor-element-58aded7 elementor-widget elementor-widget-heading\" data-id=\"58aded7\" data-element_type=\"widget\" data-e-type=\"widget\" data-widget_type=\"heading.default\">\n\t\t\t\t<div class=\"elementor-widget-container\">\n\t\t\t\t\t<h3 class=\"elementor-heading-title elementor-size-default\">\nABOUT US\n<\/h3>\t\t\t\t<\/div>\n\t\t\t\t<\/div>\n\t\t\t\t\t<\/div>\n\t\t<\/div>\n\t\t\t\t\t<\/div>\n\t\t<\/section>\n\t\t\t\t<section class=\"elementor-section elementor-top-section elementor-element elementor-element-fa96bf4 elementor-section-full_width elementor-section-height-default elementor-section-height-default\" data-id=\"fa96bf4\" data-element_type=\"section\" data-e-type=\"section\">\n\t\t\t\t\t\t<div class=\"elementor-container elementor-column-gap-default\">\n\t\t\t\t\t<div class=\"elementor-column elementor-col-50 elementor-top-column elementor-element elementor-element-26b5f20\" data-id=\"26b5f20\" data-element_type=\"column\" data-e-type=\"column\">\n\t\t\t<div class=\"elementor-widget-wrap elementor-element-populated\">\n\t\t\t\t\t\t<div class=\"elementor-element elementor-element-1dbca42 elementor-widget elementor-widget-heading\" data-id=\"1dbca42\" data-element_type=\"widget\" data-e-type=\"widget\" data-widget_type=\"heading.default\">\n\t\t\t\t<div class=\"elementor-widget-container\">\n\t\t\t\t\t<h5 class=\"elementor-heading-title elementor-size-default\">Welcome to KAGE Sports Solution<\/h5>\t\t\t\t<\/div>\n\t\t\t\t<\/div>\n\t\t\t\t<div class=\"elementor-element elementor-element-1517e85 elementor-widget elementor-widget-heading\" data-id=\"1517e85\" data-element_type=\"widget\" data-e-type=\"widget\" data-widget_type=\"heading.default\">\n\t\t\t\t<div class=\"elementor-widget-container\">\n\t\t\t\t\t<h2 class=\"elementor-heading-title elementor-size-default\">Who we are ?<\/h2>\t\t\t\t<\/div>\n\t\t\t\t<\/div>\n\t\t\t\t<div class=\"elementor-element elementor-element-ab98f11 elementor-widget elementor-widget-text-editor\" data-id=\"ab98f11\" data-element_type=\"widget\" data-e-type=\"widget\" data-widget_type=\"text-editor.default\">\n\t\t\t\t<div class=\"elementor-widget-container\">\n\t\t\t\t\t\t\t\t\t<div class=\"aux-modern-heading-description\"><p>KAGE Sports Solution is a company from B\u00fchl, near Schwarzwald, Germany which has developed, patented, produced and marketed the innovative training device \"murusPlus baffle \/ double pass board\"<\/p><p><strong>OUR TASK<\/strong><br \/>Creating a professional, stable, efficient and multifunctional training device for football players and goalkeepers.<\/p><\/div>\t\t\t\t\t\t\t\t<\/div>\n\t\t\t\t<\/div>\n\t\t\t\t\t<\/div>\n\t\t<\/div>\n\t\t\t\t<div class=\"elementor-column elementor-col-50 elementor-top-column elementor-element elementor-element-3f23719\" data-id=\"3f23719\" data-element_type=\"column\" data-e-type=\"column\">\n\t\t\t<div class=\"elementor-widget-wrap elementor-element-populated\">\n\t\t\t\t\t\t<div class=\"elementor-element elementor-element-ae63107 elementor-widget elementor-widget-image\" data-id=\"ae63107\" data-element_type=\"widget\" data-e-type=\"widget\" data-widget_type=\"image.default\">\n\t\t\t\t<div class=\"elementor-widget-container\">\n\t\t\t\t\t\t\t\t\t\t\t\t\t\t\t<img fetchpriority=\"high\" decoding=\"async\" width=\"1000\" height=\"667\" src=\"https:\/\/murusplus.com\/wp-content\/uploads\/2021\/01\/murusPlus_plate_teren.jpg\" class=\"attachment-full size-full wp-image-125\" alt=\"\" srcset=\"https:\/\/murusplus.com\/wp-content\/uploads\/2021\/01\/murusPlus_plate_teren.jpg 1000w, https:\/\/murusplus.com\/wp-content\/uploads\/2021\/01\/murusPlus_plate_teren-600x400.jpg 600w, https:\/\/murusplus.com\/wp-content\/uploads\/2021\/01\/murusPlus_plate_teren-300x200.jpg 300w, https:\/\/murusplus.com\/wp-content\/uploads\/2021\/01\/murusPlus_plate_teren-768x512.jpg 768w\" sizes=\"(max-width: 1000px) 100vw, 1000px\" style=\"width:100%;height:66.7%;max-width:1000px\" \/>\t\t\t\t\t\t\t\t\t\t\t\t\t\t\t<\/div>\n\t\t\t\t<\/div>\n\t\t\t\t\t<\/div>\n\t\t<\/div>\n\t\t\t\t\t<\/div>\n\t\t<\/section>\n\t\t\t\t<\/div>","protected":false},"excerpt":{"rendered":"<p>\u00dcBER UNS Willkommen bei KAGE Sports Solution Wer wir sind? Die Firma KAGE Sports Solution ist ein Unternehmen aus B\u00fchl \/ Baden am Fu\u00dfe des Schwarzwaldes, die das innovative Trainingsger\u00e4t \u201emurusPlus Prallwand\/Doppelpassbande\u201c entwickelt und patentiert hat, es produziert und vermarktet. UNSERE AUFGABEHerstellung eines professionellen, stabilen, effektiven und multifunktionalen Trainingsger\u00e4tes f\u00fcr das Fu\u00dfballtraining von Spielern als&hellip; <a class=\"more-link\" href=\"https:\/\/murusplus.com\/en\/uber-uns\/\">Continue reading <span class=\"screen-reader-text\">ABOUT US<\/span><\/a><\/p>","protected":false},"author":1,"featured_media":0,"parent":0,"menu_order":0,"comment_status":"closed","ping_status":"closed","template":"elementor_header_footer","meta":{"footnotes":""},"class_list":["post-123","page","type-page","status-publish","hentry","entry"],"yoast_head":"<!-- This site is optimized with the Yoast SEO plugin v26.9 - https:\/\/yoast.com\/product\/yoast-seo-wordpress\/ -->\n<title>\u00dcBER UNS - Murusplus<\/title>\n<meta name=\"robots\" content=\"index, follow, max-snippet:-1, max-image-preview:large, max-video-preview:-1\" \/>\n<link rel=\"canonical\" href=\"https:\/\/murusplus.com\/en\/uber-uns\/\" \/>\n<meta property=\"og:locale\" content=\"en_GB\" \/>\n<meta property=\"og:type\" content=\"article\" \/>\n<meta property=\"og:title\" content=\"\u00dcBER UNS - Murusplus\" \/>\n<meta property=\"og:description\" content=\"\u00dcBER UNS Willkommen bei KAGE Sports Solution Wer wir sind? Die Firma KAGE Sports Solution ist ein Unternehmen aus B\u00fchl \/ Baden am Fu\u00dfe des Schwarzwaldes, die das innovative Trainingsger\u00e4t \u201emurusPlus Prallwand\/Doppelpassbande\u201c entwickelt und patentiert hat, es produziert und vermarktet. UNSERE AUFGABEHerstellung eines professionellen, stabilen, effektiven und multifunktionalen Trainingsger\u00e4tes f\u00fcr das Fu\u00dfballtraining von Spielern als&hellip; Continue reading \u00dcBER UNS\" \/>\n<meta property=\"og:url\" content=\"https:\/\/murusplus.com\/en\/uber-uns\/\" \/>\n<meta property=\"og:site_name\" content=\"Murusplus\" \/>\n<meta property=\"article:publisher\" content=\"https:\/\/www.facebook.com\/FussballPrallwand\" \/>\n<meta property=\"article:modified_time\" content=\"2021-02-17T18:27:58+00:00\" \/>\n<meta property=\"og:image\" content=\"https:\/\/murusplus.com\/wp-content\/uploads\/2021\/01\/murusPlus_plate_teren.jpg\" \/>\n\t<meta property=\"og:image:width\" content=\"1000\" \/>\n\t<meta property=\"og:image:height\" content=\"667\" \/>\n\t<meta property=\"og:image:type\" content=\"image\/jpeg\" \/>\n<meta name=\"twitter:card\" content=\"summary_large_image\" \/>\n<meta name=\"twitter:site\" content=\"@fussball_rebounder\" \/>\n<script type=\"application\/ld+json\" class=\"yoast-schema-graph\">{\"@context\":\"https:\/\/schema.org\",\"@graph\":[{\"@type\":\"WebPage\",\"@id\":\"https:\/\/murusplus.com\/uber-uns\/\",\"url\":\"https:\/\/murusplus.com\/uber-uns\/\",\"name\":\"\u00dcBER UNS - Murusplus\",\"isPartOf\":{\"@id\":\"https:\/\/murusplus.com\/#website\"},\"primaryImageOfPage\":{\"@id\":\"https:\/\/murusplus.com\/uber-uns\/#primaryimage\"},\"image\":{\"@id\":\"https:\/\/murusplus.com\/uber-uns\/#primaryimage\"},\"thumbnailUrl\":\"https:\/\/murusplus.com\/wp-content\/uploads\/2021\/01\/murusPlus_plate_teren.jpg\",\"datePublished\":\"2021-01-30T23:48:40+00:00\",\"dateModified\":\"2021-02-17T18:27:58+00:00\",\"breadcrumb\":{\"@id\":\"https:\/\/murusplus.com\/uber-uns\/#breadcrumb\"},\"inLanguage\":\"en-GB\",\"potentialAction\":[{\"@type\":\"ReadAction\",\"target\":[\"https:\/\/murusplus.com\/uber-uns\/\"]}]},{\"@type\":\"ImageObject\",\"inLanguage\":\"en-GB\",\"@id\":\"https:\/\/murusplus.com\/uber-uns\/#primaryimage\",\"url\":\"https:\/\/murusplus.com\/wp-content\/uploads\/2021\/01\/murusPlus_plate_teren.jpg\",\"contentUrl\":\"https:\/\/murusplus.com\/wp-content\/uploads\/2021\/01\/murusPlus_plate_teren.jpg\"},{\"@type\":\"BreadcrumbList\",\"@id\":\"https:\/\/murusplus.com\/uber-uns\/#breadcrumb\",\"itemListElement\":[{\"@type\":\"ListItem\",\"position\":1,\"name\":\"Home\",\"item\":\"https:\/\/murusplus.com\/\"},{\"@type\":\"ListItem\",\"position\":2,\"name\":\"\u00dcBER UNS\"}]},{\"@type\":\"WebSite\",\"@id\":\"https:\/\/murusplus.com\/#website\",\"url\":\"https:\/\/murusplus.com\/\",\"name\":\"Murusplus\",\"description\":\"Kage Sports Solution\",\"publisher\":{\"@id\":\"https:\/\/murusplus.com\/#organization\"},\"potentialAction\":[{\"@type\":\"SearchAction\",\"target\":{\"@type\":\"EntryPoint\",\"urlTemplate\":\"https:\/\/murusplus.com\/?s={search_term_string}\"},\"query-input\":{\"@type\":\"PropertyValueSpecification\",\"valueRequired\":true,\"valueName\":\"search_term_string\"}}],\"inLanguage\":\"en-GB\"},{\"@type\":\"Organization\",\"@id\":\"https:\/\/murusplus.com\/#organization\",\"name\":\"Murusplus\",\"url\":\"https:\/\/murusplus.com\/\",\"logo\":{\"@type\":\"ImageObject\",\"inLanguage\":\"en-GB\",\"@id\":\"https:\/\/murusplus.com\/#\/schema\/logo\/image\/\",\"url\":\"https:\/\/murusplus.com\/wp-content\/uploads\/2021\/09\/cropped-murusplus_logo_2021.png\",\"contentUrl\":\"https:\/\/murusplus.com\/wp-content\/uploads\/2021\/09\/cropped-murusplus_logo_2021.png\",\"width\":512,\"height\":170,\"caption\":\"Murusplus\"},\"image\":{\"@id\":\"https:\/\/murusplus.com\/#\/schema\/logo\/image\/\"},\"sameAs\":[\"https:\/\/www.facebook.com\/FussballPrallwand\",\"https:\/\/x.com\/fussball_rebounder\",\"https:\/\/www.youtube.com\/channel\/UCiUPWzDaewxD-85Kaqx0DAg\",\"https:\/\/www.linkedin.com\/in\/kresimir-grbavac-55a8b9102?miniProfileUrn=urnlifs_miniProfileACoAABoeOtYB5SPygbdOeZ9SHnCo5pb1jdNeQz0&lipi=urnlipaged_flagship3_search_srp_allbBAPAWyUQ6CYF4biAt9gJQ\",\"https:\/\/www.tiktok.com\/@murusplus_rebounder\"]}]}<\/script>\n<!-- \/ Yoast SEO plugin. -->","yoast_head_json":{"title":"\u00dcBER UNS - Murusplus","robots":{"index":"index","follow":"follow","max-snippet":"max-snippet:-1","max-image-preview":"max-image-preview:large","max-video-preview":"max-video-preview:-1"},"canonical":"https:\/\/murusplus.com\/en\/uber-uns\/","og_locale":"en_GB","og_type":"article","og_title":"\u00dcBER UNS - Murusplus","og_description":"\u00dcBER UNS Willkommen bei KAGE Sports Solution Wer wir sind? Die Firma KAGE Sports Solution ist ein Unternehmen aus B\u00fchl \/ Baden am Fu\u00dfe des Schwarzwaldes, die das innovative Trainingsger\u00e4t \u201emurusPlus Prallwand\/Doppelpassbande\u201c entwickelt und patentiert hat, es produziert und vermarktet. UNSERE AUFGABEHerstellung eines professionellen, stabilen, effektiven und multifunktionalen Trainingsger\u00e4tes f\u00fcr das Fu\u00dfballtraining von Spielern als&hellip; Continue reading \u00dcBER UNS","og_url":"https:\/\/murusplus.com\/en\/uber-uns\/","og_site_name":"Murusplus","article_publisher":"https:\/\/www.facebook.com\/FussballPrallwand","article_modified_time":"2021-02-17T18:27:58+00:00","og_image":[{"width":1000,"height":667,"url":"https:\/\/murusplus.com\/wp-content\/uploads\/2021\/01\/murusPlus_plate_teren.jpg","type":"image\/jpeg"}],"twitter_card":"summary_large_image","twitter_site":"@fussball_rebounder","schema":{"@context":"https:\/\/schema.org","@graph":[{"@type":"WebPage","@id":"https:\/\/murusplus.com\/uber-uns\/","url":"https:\/\/murusplus.com\/uber-uns\/","name":"\u00dcBER UNS - Murusplus","isPartOf":{"@id":"https:\/\/murusplus.com\/#website"},"primaryImageOfPage":{"@id":"https:\/\/murusplus.com\/uber-uns\/#primaryimage"},"image":{"@id":"https:\/\/murusplus.com\/uber-uns\/#primaryimage"},"thumbnailUrl":"https:\/\/murusplus.com\/wp-content\/uploads\/2021\/01\/murusPlus_plate_teren.jpg","datePublished":"2021-01-30T23:48:40+00:00","dateModified":"2021-02-17T18:27:58+00:00","breadcrumb":{"@id":"https:\/\/murusplus.com\/uber-uns\/#breadcrumb"},"inLanguage":"en-GB","potentialAction":[{"@type":"ReadAction","target":["https:\/\/murusplus.com\/uber-uns\/"]}]},{"@type":"ImageObject","inLanguage":"en-GB","@id":"https:\/\/murusplus.com\/uber-uns\/#primaryimage","url":"https:\/\/murusplus.com\/wp-content\/uploads\/2021\/01\/murusPlus_plate_teren.jpg","contentUrl":"https:\/\/murusplus.com\/wp-content\/uploads\/2021\/01\/murusPlus_plate_teren.jpg"},{"@type":"BreadcrumbList","@id":"https:\/\/murusplus.com\/uber-uns\/#breadcrumb","itemListElement":[{"@type":"ListItem","position":1,"name":"Home","item":"https:\/\/murusplus.com\/"},{"@type":"ListItem","position":2,"name":"\u00dcBER UNS"}]},{"@type":"WebSite","@id":"https:\/\/murusplus.com\/#website","url":"https:\/\/murusplus.com\/","name":"Murusplus","description":"Kage Sports Solution","publisher":{"@id":"https:\/\/murusplus.com\/#organization"},"potentialAction":[{"@type":"SearchAction","target":{"@type":"EntryPoint","urlTemplate":"https:\/\/murusplus.com\/?s={search_term_string}"},"query-input":{"@type":"PropertyValueSpecification","valueRequired":true,"valueName":"search_term_string"}}],"inLanguage":"en-GB"},{"@type":"Organization","@id":"https:\/\/murusplus.com\/#organization","name":"Murusplus","url":"https:\/\/murusplus.com\/","logo":{"@type":"ImageObject","inLanguage":"en-GB","@id":"https:\/\/murusplus.com\/#\/schema\/logo\/image\/","url":"https:\/\/murusplus.com\/wp-content\/uploads\/2021\/09\/cropped-murusplus_logo_2021.png","contentUrl":"https:\/\/murusplus.com\/wp-content\/uploads\/2021\/09\/cropped-murusplus_logo_2021.png","width":512,"height":170,"caption":"Murusplus"},"image":{"@id":"https:\/\/murusplus.com\/#\/schema\/logo\/image\/"},"sameAs":["https:\/\/www.facebook.com\/FussballPrallwand","https:\/\/x.com\/fussball_rebounder","https:\/\/www.youtube.com\/channel\/UCiUPWzDaewxD-85Kaqx0DAg","https:\/\/www.linkedin.com\/in\/kresimir-grbavac-55a8b9102?miniProfileUrn=urnlifs_miniProfileACoAABoeOtYB5SPygbdOeZ9SHnCo5pb1jdNeQz0&lipi=urnlipaged_flagship3_search_srp_allbBAPAWyUQ6CYF4biAt9gJQ","https:\/\/www.tiktok.com\/@murusplus_rebounder"]}]}},"_links":{"self":[{"href":"https:\/\/murusplus.com\/en\/wp-json\/wp\/v2\/pages\/123","targetHints":{"allow":["GET"]}}],"collection":[{"href":"https:\/\/murusplus.com\/en\/wp-json\/wp\/v2\/pages"}],"about":[{"href":"https:\/\/murusplus.com\/en\/wp-json\/wp\/v2\/types\/page"}],"author":[{"embeddable":true,"href":"https:\/\/murusplus.com\/en\/wp-json\/wp\/v2\/users\/1"}],"replies":[{"embeddable":true,"href":"https:\/\/murusplus.com\/en\/wp-json\/wp\/v2\/comments?post=123"}],"version-history":[{"count":31,"href":"https:\/\/murusplus.com\/en\/wp-json\/wp\/v2\/pages\/123\/revisions"}],"predecessor-version":[{"id":444,"href":"https:\/\/murusplus.com\/en\/wp-json\/wp\/v2\/pages\/123\/revisions\/444"}],"wp:attachment":[{"href":"https:\/\/murusplus.com\/en\/wp-json\/wp\/v2\/media?parent=123"}],"curies":[{"name":"wp","href":"https:\/\/api.w.org\/{rel}","templated":true}]}}