{"id":1111,"date":"2026-02-16T14:28:02","date_gmt":"2026-02-16T14:28:02","guid":{"rendered":"https:\/\/murusplus.com\/?post_type=product&#038;p=1111"},"modified":"2026-02-18T20:23:45","modified_gmt":"2026-02-18T20:23:45","slug":"fussball-rebounder-pro-prallwand","status":"publish","type":"product","link":"https:\/\/murusplus.com\/en\/product\/fussball-rebounder-pro-prallwand\/","title":{"rendered":"murusPlus PRO"},"content":{"rendered":"<p>Der murusPlus PRO definiert das Training mit der Fu\u00dfball Prallwand neu. Ein High-End Rebounder f\u00fcr Vereine und Profis, die keine Kompromisse bei der Ballkontrolle eingehen.<\/p>\n<p>Tipp: F\u00fcr den einfachen Transport auf dem Platz empfehlen wir unseren <a class=\"ng-star-inserted\" href=\"https:\/\/murusplus.com\/en\/product\/murusplus-prallwandwagen-fuer-1-prallwand\/\" target=\"_blank\" rel=\"noopener\" data-hveid=\"0\" data-ved=\"0CAAQ_4QMahgKEwjslLq5nd6SAxUAAAAAHQAAAAAQtAI\">Transportwagen f\u00fcr 1 Prallwand<\/a>.<\/p>","protected":false},"excerpt":{"rendered":"<table>\n<tbody>\n<tr>\n<td><strong>Size<\/strong><\/td>\n<td>120 x 40 x 10 cm (B x H x T)<\/td>\n<\/tr>\n<tr>\n<td><strong>Material Frame<\/strong><\/td>\n<td>aluminum powder coated black<\/td>\n<\/tr>\n<tr>\n<td><strong>Material Plate<\/strong><\/td>\n<td>Premium plastic<\/td>\n<\/tr>\n<tr>\n<td><strong>Weight<\/strong><\/td>\n<td>18 kg<\/td>\n<\/tr>\n<tr>\n<td><strong>Color<\/strong><\/td>\n<td>blue<\/td>\n<\/tr>\n<tr>\n<td><strong>Article Number<\/strong><\/td>\n<td>100100<\/td>\n<\/tr>\n<\/tbody>\n<\/table>\n<p><strong>Shipping:<\/strong><\/p>\n<ul>\n<li><strong>zzgl. Verpackung und Versand National 29,00 EUR<\/strong><\/li>\n<li><strong>zzgl. Verpackung und Versand International 59,00 EUR<\/strong><\/li>\n<\/ul>\n<p><em><strong style=\"color: green; font-weight: bold;\">Available<\/strong><\/em><\/p>","protected":false},"featured_media":1120,"comment_status":"open","ping_status":"closed","template":"","meta":[],"product_brand":[],"product_cat":[20],"product_tag":[],"class_list":{"0":"post-1111","1":"product","2":"type-product","3":"status-publish","4":"has-post-thumbnail","6":"product_cat-murusplus-premium","7":"product_shipping_class-pro-class","8":"entry","10":"first","11":"instock","12":"shipping-taxable","13":"purchasable","14":"product-type-simple"},"yoast_head":"<!-- This site is optimized with the Yoast SEO plugin v26.9 - https:\/\/yoast.com\/product\/yoast-seo-wordpress\/ -->\n<title>murusPlus PRO | Profi Fu\u00dfball Rebounder &amp; Prallwand<\/title>\n<meta name=\"description\" content=\"Der murusPlus PRO ist der ultimative Fu\u00dfball Rebounder f\u00fcr Profis. Maximale Stabilit\u00e4t, perfekte Ballreflexion &amp; langlebige Prallwand f\u00fcr Elite-Techniktraining. Jetzt entdecken!\" \/>\n<meta name=\"robots\" content=\"index, follow, max-snippet:-1, max-image-preview:large, max-video-preview:-1\" \/>\n<link rel=\"canonical\" href=\"https:\/\/murusplus.com\/en\/product\/fussball-rebounder-pro-prallwand\/\" \/>\n<meta property=\"og:locale\" content=\"en_GB\" \/>\n<meta property=\"og:type\" content=\"article\" \/>\n<meta property=\"og:title\" content=\"murusPlus PRO | Profi Fu\u00dfball Rebounder &amp; Prallwand\" \/>\n<meta property=\"og:description\" content=\"Der murusPlus PRO ist der ultimative Fu\u00dfball Rebounder f\u00fcr Profis. Maximale Stabilit\u00e4t, perfekte Ballreflexion &amp; langlebige Prallwand f\u00fcr Elite-Techniktraining. Jetzt entdecken!\" \/>\n<meta property=\"og:url\" content=\"https:\/\/murusplus.com\/en\/product\/fussball-rebounder-pro-prallwand\/\" \/>\n<meta property=\"og:site_name\" content=\"Murusplus\" \/>\n<meta property=\"article:publisher\" content=\"https:\/\/www.facebook.com\/FussballPrallwand\" \/>\n<meta property=\"article:modified_time\" content=\"2026-02-18T20:23:45+00:00\" \/>\n<meta property=\"og:image\" content=\"https:\/\/murusplus.com\/wp-content\/uploads\/2026\/02\/PRO1_IMG_8318-scaled.jpg\" \/>\n\t<meta property=\"og:image:width\" content=\"2560\" \/>\n\t<meta property=\"og:image:height\" content=\"1707\" \/>\n\t<meta property=\"og:image:type\" content=\"image\/jpeg\" \/>\n<meta name=\"twitter:card\" content=\"summary_large_image\" \/>\n<meta name=\"twitter:site\" content=\"@fussball_rebounder\" \/>\n<meta name=\"twitter:label1\" content=\"Estimated reading time\" \/>\n\t<meta name=\"twitter:data1\" content=\"1 minute\" \/>\n<script type=\"application\/ld+json\" class=\"yoast-schema-graph\">{\"@context\":\"https:\/\/schema.org\",\"@graph\":[{\"@type\":\"WebPage\",\"@id\":\"https:\/\/murusplus.com\/product\/fussball-rebounder-pro-prallwand\/\",\"url\":\"https:\/\/murusplus.com\/product\/fussball-rebounder-pro-prallwand\/\",\"name\":\"murusPlus PRO | Profi Fu\u00dfball Rebounder & Prallwand\",\"isPartOf\":{\"@id\":\"https:\/\/murusplus.com\/#website\"},\"primaryImageOfPage\":{\"@id\":\"https:\/\/murusplus.com\/product\/fussball-rebounder-pro-prallwand\/#primaryimage\"},\"image\":{\"@id\":\"https:\/\/murusplus.com\/product\/fussball-rebounder-pro-prallwand\/#primaryimage\"},\"thumbnailUrl\":\"https:\/\/murusplus.com\/wp-content\/uploads\/2026\/02\/PRO1_IMG_8318-scaled.jpg\",\"datePublished\":\"2026-02-16T14:28:02+00:00\",\"dateModified\":\"2026-02-18T20:23:45+00:00\",\"description\":\"Der murusPlus PRO ist der ultimative Fu\u00dfball Rebounder f\u00fcr Profis. Maximale Stabilit\u00e4t, perfekte Ballreflexion & langlebige Prallwand f\u00fcr Elite-Techniktraining. Jetzt entdecken!\",\"breadcrumb\":{\"@id\":\"https:\/\/murusplus.com\/product\/fussball-rebounder-pro-prallwand\/#breadcrumb\"},\"inLanguage\":\"en-GB\",\"potentialAction\":[{\"@type\":\"ReadAction\",\"target\":[\"https:\/\/murusplus.com\/product\/fussball-rebounder-pro-prallwand\/\"]}]},{\"@type\":\"ImageObject\",\"inLanguage\":\"en-GB\",\"@id\":\"https:\/\/murusplus.com\/product\/fussball-rebounder-pro-prallwand\/#primaryimage\",\"url\":\"https:\/\/murusplus.com\/wp-content\/uploads\/2026\/02\/PRO1_IMG_8318-scaled.jpg\",\"contentUrl\":\"https:\/\/murusplus.com\/wp-content\/uploads\/2026\/02\/PRO1_IMG_8318-scaled.jpg\",\"width\":2560,\"height\":1707,\"caption\":\"Profi Fu\u00dfball Rebounder & Prallwand\"},{\"@type\":\"BreadcrumbList\",\"@id\":\"https:\/\/murusplus.com\/product\/fussball-rebounder-pro-prallwand\/#breadcrumb\",\"itemListElement\":[{\"@type\":\"ListItem\",\"position\":1,\"name\":\"Home\",\"item\":\"https:\/\/murusplus.com\/\"},{\"@type\":\"ListItem\",\"position\":2,\"name\":\"SHOP\",\"item\":\"https:\/\/murusplus.com\/shop\/\"},{\"@type\":\"ListItem\",\"position\":3,\"name\":\"murusPlus PRO\"}]},{\"@type\":\"WebSite\",\"@id\":\"https:\/\/murusplus.com\/#website\",\"url\":\"https:\/\/murusplus.com\/\",\"name\":\"Murusplus\",\"description\":\"Kage Sports Solution\",\"publisher\":{\"@id\":\"https:\/\/murusplus.com\/#organization\"},\"potentialAction\":[{\"@type\":\"SearchAction\",\"target\":{\"@type\":\"EntryPoint\",\"urlTemplate\":\"https:\/\/murusplus.com\/?s={search_term_string}\"},\"query-input\":{\"@type\":\"PropertyValueSpecification\",\"valueRequired\":true,\"valueName\":\"search_term_string\"}}],\"inLanguage\":\"en-GB\"},{\"@type\":\"Organization\",\"@id\":\"https:\/\/murusplus.com\/#organization\",\"name\":\"Murusplus\",\"url\":\"https:\/\/murusplus.com\/\",\"logo\":{\"@type\":\"ImageObject\",\"inLanguage\":\"en-GB\",\"@id\":\"https:\/\/murusplus.com\/#\/schema\/logo\/image\/\",\"url\":\"https:\/\/murusplus.com\/wp-content\/uploads\/2021\/09\/cropped-murusplus_logo_2021.png\",\"contentUrl\":\"https:\/\/murusplus.com\/wp-content\/uploads\/2021\/09\/cropped-murusplus_logo_2021.png\",\"width\":512,\"height\":170,\"caption\":\"Murusplus\"},\"image\":{\"@id\":\"https:\/\/murusplus.com\/#\/schema\/logo\/image\/\"},\"sameAs\":[\"https:\/\/www.facebook.com\/FussballPrallwand\",\"https:\/\/x.com\/fussball_rebounder\",\"https:\/\/www.youtube.com\/channel\/UCiUPWzDaewxD-85Kaqx0DAg\",\"https:\/\/www.linkedin.com\/in\/kresimir-grbavac-55a8b9102?miniProfileUrn=urnlifs_miniProfileACoAABoeOtYB5SPygbdOeZ9SHnCo5pb1jdNeQz0&lipi=urnlipaged_flagship3_search_srp_allbBAPAWyUQ6CYF4biAt9gJQ\",\"https:\/\/www.tiktok.com\/@murusplus_rebounder\"]}]}<\/script>\n<!-- \/ Yoast SEO plugin. -->","yoast_head_json":{"title":"murusPlus PRO | Profi Fu\u00dfball Rebounder & Prallwand","description":"Der murusPlus PRO ist der ultimative Fu\u00dfball Rebounder f\u00fcr Profis. Maximale Stabilit\u00e4t, perfekte Ballreflexion & langlebige Prallwand f\u00fcr Elite-Techniktraining. Jetzt entdecken!","robots":{"index":"index","follow":"follow","max-snippet":"max-snippet:-1","max-image-preview":"max-image-preview:large","max-video-preview":"max-video-preview:-1"},"canonical":"https:\/\/murusplus.com\/en\/product\/fussball-rebounder-pro-prallwand\/","og_locale":"en_GB","og_type":"article","og_title":"murusPlus PRO | Profi Fu\u00dfball Rebounder & Prallwand","og_description":"Der murusPlus PRO ist der ultimative Fu\u00dfball Rebounder f\u00fcr Profis. Maximale Stabilit\u00e4t, perfekte Ballreflexion & langlebige Prallwand f\u00fcr Elite-Techniktraining. Jetzt entdecken!","og_url":"https:\/\/murusplus.com\/en\/product\/fussball-rebounder-pro-prallwand\/","og_site_name":"Murusplus","article_publisher":"https:\/\/www.facebook.com\/FussballPrallwand","article_modified_time":"2026-02-18T20:23:45+00:00","og_image":[{"width":2560,"height":1707,"url":"https:\/\/murusplus.com\/wp-content\/uploads\/2026\/02\/PRO1_IMG_8318-scaled.jpg","type":"image\/jpeg"}],"twitter_card":"summary_large_image","twitter_site":"@fussball_rebounder","twitter_misc":{"Estimated reading time":"1 minute"},"schema":{"@context":"https:\/\/schema.org","@graph":[{"@type":"WebPage","@id":"https:\/\/murusplus.com\/product\/fussball-rebounder-pro-prallwand\/","url":"https:\/\/murusplus.com\/product\/fussball-rebounder-pro-prallwand\/","name":"murusPlus PRO | Profi Fu\u00dfball Rebounder & Prallwand","isPartOf":{"@id":"https:\/\/murusplus.com\/#website"},"primaryImageOfPage":{"@id":"https:\/\/murusplus.com\/product\/fussball-rebounder-pro-prallwand\/#primaryimage"},"image":{"@id":"https:\/\/murusplus.com\/product\/fussball-rebounder-pro-prallwand\/#primaryimage"},"thumbnailUrl":"https:\/\/murusplus.com\/wp-content\/uploads\/2026\/02\/PRO1_IMG_8318-scaled.jpg","datePublished":"2026-02-16T14:28:02+00:00","dateModified":"2026-02-18T20:23:45+00:00","description":"Der murusPlus PRO ist der ultimative Fu\u00dfball Rebounder f\u00fcr Profis. Maximale Stabilit\u00e4t, perfekte Ballreflexion & langlebige Prallwand f\u00fcr Elite-Techniktraining. Jetzt entdecken!","breadcrumb":{"@id":"https:\/\/murusplus.com\/product\/fussball-rebounder-pro-prallwand\/#breadcrumb"},"inLanguage":"en-GB","potentialAction":[{"@type":"ReadAction","target":["https:\/\/murusplus.com\/product\/fussball-rebounder-pro-prallwand\/"]}]},{"@type":"ImageObject","inLanguage":"en-GB","@id":"https:\/\/murusplus.com\/product\/fussball-rebounder-pro-prallwand\/#primaryimage","url":"https:\/\/murusplus.com\/wp-content\/uploads\/2026\/02\/PRO1_IMG_8318-scaled.jpg","contentUrl":"https:\/\/murusplus.com\/wp-content\/uploads\/2026\/02\/PRO1_IMG_8318-scaled.jpg","width":2560,"height":1707,"caption":"Profi Fu\u00dfball Rebounder & Prallwand"},{"@type":"BreadcrumbList","@id":"https:\/\/murusplus.com\/product\/fussball-rebounder-pro-prallwand\/#breadcrumb","itemListElement":[{"@type":"ListItem","position":1,"name":"Home","item":"https:\/\/murusplus.com\/"},{"@type":"ListItem","position":2,"name":"SHOP","item":"https:\/\/murusplus.com\/shop\/"},{"@type":"ListItem","position":3,"name":"murusPlus PRO"}]},{"@type":"WebSite","@id":"https:\/\/murusplus.com\/#website","url":"https:\/\/murusplus.com\/","name":"Murusplus","description":"Kage Sports Solution","publisher":{"@id":"https:\/\/murusplus.com\/#organization"},"potentialAction":[{"@type":"SearchAction","target":{"@type":"EntryPoint","urlTemplate":"https:\/\/murusplus.com\/?s={search_term_string}"},"query-input":{"@type":"PropertyValueSpecification","valueRequired":true,"valueName":"search_term_string"}}],"inLanguage":"en-GB"},{"@type":"Organization","@id":"https:\/\/murusplus.com\/#organization","name":"Murusplus","url":"https:\/\/murusplus.com\/","logo":{"@type":"ImageObject","inLanguage":"en-GB","@id":"https:\/\/murusplus.com\/#\/schema\/logo\/image\/","url":"https:\/\/murusplus.com\/wp-content\/uploads\/2021\/09\/cropped-murusplus_logo_2021.png","contentUrl":"https:\/\/murusplus.com\/wp-content\/uploads\/2021\/09\/cropped-murusplus_logo_2021.png","width":512,"height":170,"caption":"Murusplus"},"image":{"@id":"https:\/\/murusplus.com\/#\/schema\/logo\/image\/"},"sameAs":["https:\/\/www.facebook.com\/FussballPrallwand","https:\/\/x.com\/fussball_rebounder","https:\/\/www.youtube.com\/channel\/UCiUPWzDaewxD-85Kaqx0DAg","https:\/\/www.linkedin.com\/in\/kresimir-grbavac-55a8b9102?miniProfileUrn=urnlifs_miniProfileACoAABoeOtYB5SPygbdOeZ9SHnCo5pb1jdNeQz0&lipi=urnlipaged_flagship3_search_srp_allbBAPAWyUQ6CYF4biAt9gJQ","https:\/\/www.tiktok.com\/@murusplus_rebounder"]}]}},"_links":{"self":[{"href":"https:\/\/murusplus.com\/en\/wp-json\/wp\/v2\/product\/1111","targetHints":{"allow":["GET"]}}],"collection":[{"href":"https:\/\/murusplus.com\/en\/wp-json\/wp\/v2\/product"}],"about":[{"href":"https:\/\/murusplus.com\/en\/wp-json\/wp\/v2\/types\/product"}],"replies":[{"embeddable":true,"href":"https:\/\/murusplus.com\/en\/wp-json\/wp\/v2\/comments?post=1111"}],"version-history":[{"count":4,"href":"https:\/\/murusplus.com\/en\/wp-json\/wp\/v2\/product\/1111\/revisions"}],"predecessor-version":[{"id":1140,"href":"https:\/\/murusplus.com\/en\/wp-json\/wp\/v2\/product\/1111\/revisions\/1140"}],"wp:featuredmedia":[{"embeddable":true,"href":"https:\/\/murusplus.com\/en\/wp-json\/wp\/v2\/media\/1120"}],"wp:attachment":[{"href":"https:\/\/murusplus.com\/en\/wp-json\/wp\/v2\/media?parent=1111"}],"wp:term":[{"taxonomy":"product_brand","embeddable":true,"href":"https:\/\/murusplus.com\/en\/wp-json\/wp\/v2\/product_brand?post=1111"},{"taxonomy":"product_cat","embeddable":true,"href":"https:\/\/murusplus.com\/en\/wp-json\/wp\/v2\/product_cat?post=1111"},{"taxonomy":"product_tag","embeddable":true,"href":"https:\/\/murusplus.com\/en\/wp-json\/wp\/v2\/product_tag?post=1111"}],"curies":[{"name":"wp","href":"https:\/\/api.w.org\/{rel}","templated":true}]}}