{"id":676,"date":"2021-11-06T15:00:12","date_gmt":"2021-11-06T15:00:12","guid":{"rendered":"https:\/\/murusplus.com\/?post_type=product&#038;p=676"},"modified":"2026-02-18T20:33:39","modified_gmt":"2026-02-18T20:33:39","slug":"fussball-trainingswand-vereine-140b","status":"publish","type":"product","link":"https:\/\/murusplus.com\/en\/product\/fussball-trainingswand-vereine-140b\/","title":{"rendered":"murusPlus PREMIUM 140-B"},"content":{"rendered":"<p data-path-to-node=\"13,0\">Entdecken Sie auch unsere spezialisierten <a href=\"https:\/\/murusplus.com\/en\/\">Fu\u00dfball Rebounder<\/a> f\u00fcr das Einzeltraining.<\/p>\n<p data-path-to-node=\"13,0\">Tipp: F\u00fcr den einfachen Transport auf dem Platz empfehlen wir unseren <a class=\"ng-star-inserted\" href=\"https:\/\/murusplus.com\/en\/product\/murusplus-prallwandwagen-fuer-1-prallwand\/\" target=\"_blank\" rel=\"noopener\" data-hveid=\"0\" data-ved=\"0CAAQ_4QMahgKEwjslLq5nd6SAxUAAAAAHQAAAAAQtAI\">Transportwagen f\u00fcr 1 Prallwand<\/a>.<\/p>","protected":false},"excerpt":{"rendered":"<table>\n<tbody>\n<tr>\n<td><strong>Size<\/strong><\/td>\n<td>140 x 60 x 10 cm (W x H x D)<\/td>\n<\/tr>\n<tr>\n<td><strong>Material Frame<\/strong><\/td>\n<td>aluminum powder coated black<\/td>\n<\/tr>\n<tr>\n<td><strong>Material Plate<\/strong><\/td>\n<td>Premium plastic<\/td>\n<\/tr>\n<tr>\n<td><strong>Weight<\/strong><\/td>\n<td>23 kg<\/td>\n<\/tr>\n<tr>\n<td><strong>Color<\/strong><\/td>\n<td>blue<\/td>\n<\/tr>\n<tr>\n<td><strong>Article Number<\/strong><\/td>\n<td>30014022<\/td>\n<\/tr>\n<\/tbody>\n<\/table>\n<p><strong>Shipping:<\/strong><\/p>\n<ul>\n<li><strong>plus packaging and shipping nationally 59.00 EUR<\/strong><\/li>\n<li><strong>plus packaging and shipping internationally 89.00 EUR<\/strong><\/li>\n<\/ul>\n<p><em><strong style=\"color: green; font-weight: bold;\">Available<\/strong><\/em><\/p>","protected":false},"featured_media":807,"comment_status":"open","ping_status":"closed","template":"","meta":[],"product_brand":[],"product_cat":[20],"product_tag":[],"class_list":{"0":"post-676","1":"product","2":"type-product","3":"status-publish","4":"has-post-thumbnail","6":"product_cat-murusplus-premium","7":"product_shipping_class-large-shipping","8":"entry","10":"first","11":"instock","12":"taxable","13":"shipping-taxable","14":"purchasable","15":"product-type-simple"},"yoast_head":"<!-- This site is optimized with the Yoast SEO plugin v26.9 - https:\/\/yoast.com\/product\/yoast-seo-wordpress\/ -->\n<title>murusPlus Premium 140-B | Profi Fu\u00dfball Trainingswand XXL<\/title>\n<meta name=\"description\" content=\"Die murusPlus Premium 140-B Trainingswand ist die erste Wahl f\u00fcr Fu\u00dfballvereine. 140cm Breite f\u00fcr intensives Teamtraining, Pass\u00fcbungen und Taktik. Robust &amp; wetterfest f\u00fcr den Profi-Alltag.\" \/>\n<meta name=\"robots\" content=\"index, follow, max-snippet:-1, max-image-preview:large, max-video-preview:-1\" \/>\n<link rel=\"canonical\" href=\"https:\/\/murusplus.com\/en\/product\/fussball-trainingswand-vereine-140b\/\" \/>\n<meta property=\"og:locale\" content=\"en_GB\" \/>\n<meta property=\"og:type\" content=\"article\" \/>\n<meta property=\"og:title\" content=\"murusPlus Premium 140-B | Profi Fu\u00dfball Trainingswand XXL\" \/>\n<meta property=\"og:description\" content=\"Die murusPlus Premium 140-B Trainingswand ist die erste Wahl f\u00fcr Fu\u00dfballvereine. 140cm Breite f\u00fcr intensives Teamtraining, Pass\u00fcbungen und Taktik. Robust &amp; wetterfest f\u00fcr den Profi-Alltag.\" \/>\n<meta property=\"og:url\" content=\"https:\/\/murusplus.com\/en\/product\/fussball-trainingswand-vereine-140b\/\" \/>\n<meta property=\"og:site_name\" content=\"Murusplus\" \/>\n<meta property=\"article:publisher\" content=\"https:\/\/www.facebook.com\/FussballPrallwand\" \/>\n<meta property=\"article:modified_time\" content=\"2026-02-18T20:33:39+00:00\" \/>\n<meta property=\"og:image\" content=\"https:\/\/murusplus.com\/wp-content\/uploads\/2021\/11\/Premium-140_plava_1_compressed-1.jpg\" \/>\n\t<meta property=\"og:image:width\" content=\"1920\" \/>\n\t<meta property=\"og:image:height\" content=\"1280\" \/>\n\t<meta property=\"og:image:type\" content=\"image\/jpeg\" \/>\n<meta name=\"twitter:card\" content=\"summary_large_image\" \/>\n<meta name=\"twitter:site\" content=\"@fussball_rebounder\" \/>\n<meta name=\"twitter:label1\" content=\"Estimated reading time\" \/>\n\t<meta name=\"twitter:data1\" content=\"1 minute\" \/>\n<script type=\"application\/ld+json\" class=\"yoast-schema-graph\">{\"@context\":\"https:\/\/schema.org\",\"@graph\":[{\"@type\":\"WebPage\",\"@id\":\"https:\/\/murusplus.com\/product\/fussball-trainingswand-vereine-140b\/\",\"url\":\"https:\/\/murusplus.com\/product\/fussball-trainingswand-vereine-140b\/\",\"name\":\"murusPlus Premium 140-B | Profi Fu\u00dfball Trainingswand XXL\",\"isPartOf\":{\"@id\":\"https:\/\/murusplus.com\/#website\"},\"primaryImageOfPage\":{\"@id\":\"https:\/\/murusplus.com\/product\/fussball-trainingswand-vereine-140b\/#primaryimage\"},\"image\":{\"@id\":\"https:\/\/murusplus.com\/product\/fussball-trainingswand-vereine-140b\/#primaryimage\"},\"thumbnailUrl\":\"https:\/\/murusplus.com\/wp-content\/uploads\/2021\/11\/Premium-140_plava_1_compressed-1.jpg\",\"datePublished\":\"2021-11-06T15:00:12+00:00\",\"dateModified\":\"2026-02-18T20:33:39+00:00\",\"description\":\"Die murusPlus Premium 140-B Trainingswand ist die erste Wahl f\u00fcr Fu\u00dfballvereine. 140cm Breite f\u00fcr intensives Teamtraining, Pass\u00fcbungen und Taktik. Robust & wetterfest f\u00fcr den Profi-Alltag.\",\"breadcrumb\":{\"@id\":\"https:\/\/murusplus.com\/product\/fussball-trainingswand-vereine-140b\/#breadcrumb\"},\"inLanguage\":\"en-GB\",\"potentialAction\":[{\"@type\":\"ReadAction\",\"target\":[\"https:\/\/murusplus.com\/product\/fussball-trainingswand-vereine-140b\/\"]}]},{\"@type\":\"ImageObject\",\"inLanguage\":\"en-GB\",\"@id\":\"https:\/\/murusplus.com\/product\/fussball-trainingswand-vereine-140b\/#primaryimage\",\"url\":\"https:\/\/murusplus.com\/wp-content\/uploads\/2021\/11\/Premium-140_plava_1_compressed-1.jpg\",\"contentUrl\":\"https:\/\/murusplus.com\/wp-content\/uploads\/2021\/11\/Premium-140_plava_1_compressed-1.jpg\",\"width\":1920,\"height\":1280},{\"@type\":\"BreadcrumbList\",\"@id\":\"https:\/\/murusplus.com\/product\/fussball-trainingswand-vereine-140b\/#breadcrumb\",\"itemListElement\":[{\"@type\":\"ListItem\",\"position\":1,\"name\":\"Home\",\"item\":\"https:\/\/murusplus.com\/\"},{\"@type\":\"ListItem\",\"position\":2,\"name\":\"SHOP\",\"item\":\"https:\/\/murusplus.com\/shop\/\"},{\"@type\":\"ListItem\",\"position\":3,\"name\":\"murusPlus PREMIUM 140-B\"}]},{\"@type\":\"WebSite\",\"@id\":\"https:\/\/murusplus.com\/#website\",\"url\":\"https:\/\/murusplus.com\/\",\"name\":\"Murusplus\",\"description\":\"Kage Sports Solution\",\"publisher\":{\"@id\":\"https:\/\/murusplus.com\/#organization\"},\"potentialAction\":[{\"@type\":\"SearchAction\",\"target\":{\"@type\":\"EntryPoint\",\"urlTemplate\":\"https:\/\/murusplus.com\/?s={search_term_string}\"},\"query-input\":{\"@type\":\"PropertyValueSpecification\",\"valueRequired\":true,\"valueName\":\"search_term_string\"}}],\"inLanguage\":\"en-GB\"},{\"@type\":\"Organization\",\"@id\":\"https:\/\/murusplus.com\/#organization\",\"name\":\"Murusplus\",\"url\":\"https:\/\/murusplus.com\/\",\"logo\":{\"@type\":\"ImageObject\",\"inLanguage\":\"en-GB\",\"@id\":\"https:\/\/murusplus.com\/#\/schema\/logo\/image\/\",\"url\":\"https:\/\/murusplus.com\/wp-content\/uploads\/2021\/09\/cropped-murusplus_logo_2021.png\",\"contentUrl\":\"https:\/\/murusplus.com\/wp-content\/uploads\/2021\/09\/cropped-murusplus_logo_2021.png\",\"width\":512,\"height\":170,\"caption\":\"Murusplus\"},\"image\":{\"@id\":\"https:\/\/murusplus.com\/#\/schema\/logo\/image\/\"},\"sameAs\":[\"https:\/\/www.facebook.com\/FussballPrallwand\",\"https:\/\/x.com\/fussball_rebounder\",\"https:\/\/www.youtube.com\/channel\/UCiUPWzDaewxD-85Kaqx0DAg\",\"https:\/\/www.linkedin.com\/in\/kresimir-grbavac-55a8b9102?miniProfileUrn=urnlifs_miniProfileACoAABoeOtYB5SPygbdOeZ9SHnCo5pb1jdNeQz0&lipi=urnlipaged_flagship3_search_srp_allbBAPAWyUQ6CYF4biAt9gJQ\",\"https:\/\/www.tiktok.com\/@murusplus_rebounder\"]}]}<\/script>\n<!-- \/ Yoast SEO plugin. -->","yoast_head_json":{"title":"murusPlus Premium 140-B | Profi Fu\u00dfball Trainingswand XXL","description":"Die murusPlus Premium 140-B Trainingswand ist die erste Wahl f\u00fcr Fu\u00dfballvereine. 140cm Breite f\u00fcr intensives Teamtraining, Pass\u00fcbungen und Taktik. Robust & wetterfest f\u00fcr den Profi-Alltag.","robots":{"index":"index","follow":"follow","max-snippet":"max-snippet:-1","max-image-preview":"max-image-preview:large","max-video-preview":"max-video-preview:-1"},"canonical":"https:\/\/murusplus.com\/en\/product\/fussball-trainingswand-vereine-140b\/","og_locale":"en_GB","og_type":"article","og_title":"murusPlus Premium 140-B | Profi Fu\u00dfball Trainingswand XXL","og_description":"Die murusPlus Premium 140-B Trainingswand ist die erste Wahl f\u00fcr Fu\u00dfballvereine. 140cm Breite f\u00fcr intensives Teamtraining, Pass\u00fcbungen und Taktik. Robust & wetterfest f\u00fcr den Profi-Alltag.","og_url":"https:\/\/murusplus.com\/en\/product\/fussball-trainingswand-vereine-140b\/","og_site_name":"Murusplus","article_publisher":"https:\/\/www.facebook.com\/FussballPrallwand","article_modified_time":"2026-02-18T20:33:39+00:00","og_image":[{"width":1920,"height":1280,"url":"https:\/\/murusplus.com\/wp-content\/uploads\/2021\/11\/Premium-140_plava_1_compressed-1.jpg","type":"image\/jpeg"}],"twitter_card":"summary_large_image","twitter_site":"@fussball_rebounder","twitter_misc":{"Estimated reading time":"1 minute"},"schema":{"@context":"https:\/\/schema.org","@graph":[{"@type":"WebPage","@id":"https:\/\/murusplus.com\/product\/fussball-trainingswand-vereine-140b\/","url":"https:\/\/murusplus.com\/product\/fussball-trainingswand-vereine-140b\/","name":"murusPlus Premium 140-B | Profi Fu\u00dfball Trainingswand XXL","isPartOf":{"@id":"https:\/\/murusplus.com\/#website"},"primaryImageOfPage":{"@id":"https:\/\/murusplus.com\/product\/fussball-trainingswand-vereine-140b\/#primaryimage"},"image":{"@id":"https:\/\/murusplus.com\/product\/fussball-trainingswand-vereine-140b\/#primaryimage"},"thumbnailUrl":"https:\/\/murusplus.com\/wp-content\/uploads\/2021\/11\/Premium-140_plava_1_compressed-1.jpg","datePublished":"2021-11-06T15:00:12+00:00","dateModified":"2026-02-18T20:33:39+00:00","description":"Die murusPlus Premium 140-B Trainingswand ist die erste Wahl f\u00fcr Fu\u00dfballvereine. 140cm Breite f\u00fcr intensives Teamtraining, Pass\u00fcbungen und Taktik. Robust & wetterfest f\u00fcr den Profi-Alltag.","breadcrumb":{"@id":"https:\/\/murusplus.com\/product\/fussball-trainingswand-vereine-140b\/#breadcrumb"},"inLanguage":"en-GB","potentialAction":[{"@type":"ReadAction","target":["https:\/\/murusplus.com\/product\/fussball-trainingswand-vereine-140b\/"]}]},{"@type":"ImageObject","inLanguage":"en-GB","@id":"https:\/\/murusplus.com\/product\/fussball-trainingswand-vereine-140b\/#primaryimage","url":"https:\/\/murusplus.com\/wp-content\/uploads\/2021\/11\/Premium-140_plava_1_compressed-1.jpg","contentUrl":"https:\/\/murusplus.com\/wp-content\/uploads\/2021\/11\/Premium-140_plava_1_compressed-1.jpg","width":1920,"height":1280},{"@type":"BreadcrumbList","@id":"https:\/\/murusplus.com\/product\/fussball-trainingswand-vereine-140b\/#breadcrumb","itemListElement":[{"@type":"ListItem","position":1,"name":"Home","item":"https:\/\/murusplus.com\/"},{"@type":"ListItem","position":2,"name":"SHOP","item":"https:\/\/murusplus.com\/shop\/"},{"@type":"ListItem","position":3,"name":"murusPlus PREMIUM 140-B"}]},{"@type":"WebSite","@id":"https:\/\/murusplus.com\/#website","url":"https:\/\/murusplus.com\/","name":"Murusplus","description":"Kage Sports Solution","publisher":{"@id":"https:\/\/murusplus.com\/#organization"},"potentialAction":[{"@type":"SearchAction","target":{"@type":"EntryPoint","urlTemplate":"https:\/\/murusplus.com\/?s={search_term_string}"},"query-input":{"@type":"PropertyValueSpecification","valueRequired":true,"valueName":"search_term_string"}}],"inLanguage":"en-GB"},{"@type":"Organization","@id":"https:\/\/murusplus.com\/#organization","name":"Murusplus","url":"https:\/\/murusplus.com\/","logo":{"@type":"ImageObject","inLanguage":"en-GB","@id":"https:\/\/murusplus.com\/#\/schema\/logo\/image\/","url":"https:\/\/murusplus.com\/wp-content\/uploads\/2021\/09\/cropped-murusplus_logo_2021.png","contentUrl":"https:\/\/murusplus.com\/wp-content\/uploads\/2021\/09\/cropped-murusplus_logo_2021.png","width":512,"height":170,"caption":"Murusplus"},"image":{"@id":"https:\/\/murusplus.com\/#\/schema\/logo\/image\/"},"sameAs":["https:\/\/www.facebook.com\/FussballPrallwand","https:\/\/x.com\/fussball_rebounder","https:\/\/www.youtube.com\/channel\/UCiUPWzDaewxD-85Kaqx0DAg","https:\/\/www.linkedin.com\/in\/kresimir-grbavac-55a8b9102?miniProfileUrn=urnlifs_miniProfileACoAABoeOtYB5SPygbdOeZ9SHnCo5pb1jdNeQz0&lipi=urnlipaged_flagship3_search_srp_allbBAPAWyUQ6CYF4biAt9gJQ","https:\/\/www.tiktok.com\/@murusplus_rebounder"]}]}},"_links":{"self":[{"href":"https:\/\/murusplus.com\/en\/wp-json\/wp\/v2\/product\/676","targetHints":{"allow":["GET"]}}],"collection":[{"href":"https:\/\/murusplus.com\/en\/wp-json\/wp\/v2\/product"}],"about":[{"href":"https:\/\/murusplus.com\/en\/wp-json\/wp\/v2\/types\/product"}],"replies":[{"embeddable":true,"href":"https:\/\/murusplus.com\/en\/wp-json\/wp\/v2\/comments?post=676"}],"version-history":[{"count":3,"href":"https:\/\/murusplus.com\/en\/wp-json\/wp\/v2\/product\/676\/revisions"}],"predecessor-version":[{"id":1144,"href":"https:\/\/murusplus.com\/en\/wp-json\/wp\/v2\/product\/676\/revisions\/1144"}],"wp:featuredmedia":[{"embeddable":true,"href":"https:\/\/murusplus.com\/en\/wp-json\/wp\/v2\/media\/807"}],"wp:attachment":[{"href":"https:\/\/murusplus.com\/en\/wp-json\/wp\/v2\/media?parent=676"}],"wp:term":[{"taxonomy":"product_brand","embeddable":true,"href":"https:\/\/murusplus.com\/en\/wp-json\/wp\/v2\/product_brand?post=676"},{"taxonomy":"product_cat","embeddable":true,"href":"https:\/\/murusplus.com\/en\/wp-json\/wp\/v2\/product_cat?post=676"},{"taxonomy":"product_tag","embeddable":true,"href":"https:\/\/murusplus.com\/en\/wp-json\/wp\/v2\/product_tag?post=676"}],"curies":[{"name":"wp","href":"https:\/\/api.w.org\/{rel}","templated":true}]}}