{"id":688,"date":"2021-11-06T16:07:17","date_gmt":"2021-11-06T16:07:17","guid":{"rendered":"https:\/\/murusplus.com\/?post_type=product&#038;p=688"},"modified":"2026-02-16T19:17:15","modified_gmt":"2026-02-16T19:17:15","slug":"torwart-trainingsgeraet-fussball-rebounder","status":"publish","type":"product","link":"https:\/\/murusplus.com\/en\/product\/torwart-trainingsgeraet-fussball-rebounder\/","title":{"rendered":"murusPlus Beck Board (Torwart-Trainingsger\u00e4t)"},"content":{"rendered":"<p>Entdecken Sie die gesamte Range unserer <a href=\"https:\/\/murusplus.com\/en\/shop\/\">Fu\u00dfball Rebounder<\/a> \u2013 von 120cm bis 160cm Profi-Ma\u00dfen.<\/p>","protected":false},"excerpt":{"rendered":"<table>\n<tbody>\n<tr>\n<td><strong>Size<\/strong><\/td>\n<td>Diameter \/ 440 mm<br \/>\nPanel thickness: 12.5mm<\/td>\n<\/tr>\n<tr>\n<td><strong>Material<\/strong><\/td>\n<td>Premium plastic<\/td>\n<\/tr>\n<tr>\n<td><strong>Form<\/strong><\/td>\n<td>hexagon<\/td>\n<\/tr>\n<tr>\n<td><strong>Weight<\/strong><\/td>\n<td>1.9 kg<\/td>\n<\/tr>\n<tr>\n<td><strong>Color<\/strong><\/td>\n<td>red<\/td>\n<\/tr>\n<tr>\n<td><strong>Article Number<\/strong><\/td>\n<td>80010001<\/td>\n<\/tr>\n<\/tbody>\n<\/table>\n<p><strong>Shipping:<\/strong><\/p>\n<ul>\n<li><strong>zzgl. Verpackung und Versand National 9,90 EUR<\/strong><\/li>\n<li><strong>zzgl. Verpackung und Versand International 19,90 EUR<\/strong><\/li>\n<\/ul>","protected":false},"featured_media":689,"comment_status":"open","ping_status":"closed","template":"","meta":[],"product_brand":[],"product_cat":[22],"product_tag":[],"class_list":{"0":"post-688","1":"product","2":"type-product","3":"status-publish","4":"has-post-thumbnail","6":"product_cat-murusplus-beck-board","7":"product_shipping_class-medium-shipping","8":"entry","10":"first","11":"instock","12":"taxable","13":"shipping-taxable","14":"purchasable","15":"product-type-simple"},"yoast_head":"<!-- This site is optimized with the Yoast SEO plugin v26.9 - https:\/\/yoast.com\/product\/yoast-seo-wordpress\/ -->\n<title>Torwart Trainingsger\u00e4t | Profi Fu\u00dfball Rebounder f\u00fcr Torh\u00fcter<\/title>\n<meta name=\"description\" content=\"Das ultimative Torwart Trainingsger\u00e4t von Murusplus. Verbessern Sie Reflexe, Sprungkraft und Ballsicherheit mit unserem Profi Fu\u00dfball Rebounder. Speziell f\u00fcr Torh\u00fcter entwickelt!\" \/>\n<meta name=\"robots\" content=\"index, follow, max-snippet:-1, max-image-preview:large, max-video-preview:-1\" \/>\n<link rel=\"canonical\" href=\"https:\/\/murusplus.com\/en\/product\/torwart-trainingsgeraet-fussball-rebounder\/\" \/>\n<meta property=\"og:locale\" content=\"en_GB\" \/>\n<meta property=\"og:type\" content=\"article\" \/>\n<meta property=\"og:title\" content=\"Torwart Trainingsger\u00e4t | Profi Fu\u00dfball Rebounder f\u00fcr Torh\u00fcter\" \/>\n<meta property=\"og:description\" content=\"Das ultimative Torwart Trainingsger\u00e4t von Murusplus. Verbessern Sie Reflexe, Sprungkraft und Ballsicherheit mit unserem Profi Fu\u00dfball Rebounder. Speziell f\u00fcr Torh\u00fcter entwickelt!\" \/>\n<meta property=\"og:url\" content=\"https:\/\/murusplus.com\/en\/product\/torwart-trainingsgeraet-fussball-rebounder\/\" \/>\n<meta property=\"og:site_name\" content=\"Murusplus\" \/>\n<meta property=\"article:publisher\" content=\"https:\/\/www.facebook.com\/FussballPrallwand\" \/>\n<meta property=\"article:modified_time\" content=\"2026-02-16T19:17:15+00:00\" \/>\n<meta property=\"og:image\" content=\"https:\/\/murusplus.com\/wp-content\/uploads\/2021\/11\/Beck-Board_1_compressed.jpg\" \/>\n\t<meta property=\"og:image:width\" content=\"1920\" \/>\n\t<meta property=\"og:image:height\" content=\"1280\" \/>\n\t<meta property=\"og:image:type\" content=\"image\/jpeg\" \/>\n<meta name=\"twitter:card\" content=\"summary_large_image\" \/>\n<meta name=\"twitter:site\" content=\"@fussball_rebounder\" \/>\n<meta name=\"twitter:label1\" content=\"Estimated reading time\" \/>\n\t<meta name=\"twitter:data1\" content=\"1 minute\" \/>\n<script type=\"application\/ld+json\" class=\"yoast-schema-graph\">{\"@context\":\"https:\/\/schema.org\",\"@graph\":[{\"@type\":\"WebPage\",\"@id\":\"https:\/\/murusplus.com\/product\/torwart-trainingsgeraet-fussball-rebounder\/\",\"url\":\"https:\/\/murusplus.com\/product\/torwart-trainingsgeraet-fussball-rebounder\/\",\"name\":\"Torwart Trainingsger\u00e4t | Profi Fu\u00dfball Rebounder f\u00fcr Torh\u00fcter\",\"isPartOf\":{\"@id\":\"https:\/\/murusplus.com\/#website\"},\"primaryImageOfPage\":{\"@id\":\"https:\/\/murusplus.com\/product\/torwart-trainingsgeraet-fussball-rebounder\/#primaryimage\"},\"image\":{\"@id\":\"https:\/\/murusplus.com\/product\/torwart-trainingsgeraet-fussball-rebounder\/#primaryimage\"},\"thumbnailUrl\":\"https:\/\/murusplus.com\/wp-content\/uploads\/2021\/11\/Beck-Board_1_compressed.jpg\",\"datePublished\":\"2021-11-06T16:07:17+00:00\",\"dateModified\":\"2026-02-16T19:17:15+00:00\",\"description\":\"Das ultimative Torwart Trainingsger\u00e4t von Murusplus. Verbessern Sie Reflexe, Sprungkraft und Ballsicherheit mit unserem Profi Fu\u00dfball Rebounder. Speziell f\u00fcr Torh\u00fcter entwickelt!\",\"breadcrumb\":{\"@id\":\"https:\/\/murusplus.com\/product\/torwart-trainingsgeraet-fussball-rebounder\/#breadcrumb\"},\"inLanguage\":\"en-GB\",\"potentialAction\":[{\"@type\":\"ReadAction\",\"target\":[\"https:\/\/murusplus.com\/product\/torwart-trainingsgeraet-fussball-rebounder\/\"]}]},{\"@type\":\"ImageObject\",\"inLanguage\":\"en-GB\",\"@id\":\"https:\/\/murusplus.com\/product\/torwart-trainingsgeraet-fussball-rebounder\/#primaryimage\",\"url\":\"https:\/\/murusplus.com\/wp-content\/uploads\/2021\/11\/Beck-Board_1_compressed.jpg\",\"contentUrl\":\"https:\/\/murusplus.com\/wp-content\/uploads\/2021\/11\/Beck-Board_1_compressed.jpg\",\"width\":1920,\"height\":1280},{\"@type\":\"BreadcrumbList\",\"@id\":\"https:\/\/murusplus.com\/product\/torwart-trainingsgeraet-fussball-rebounder\/#breadcrumb\",\"itemListElement\":[{\"@type\":\"ListItem\",\"position\":1,\"name\":\"Home\",\"item\":\"https:\/\/murusplus.com\/\"},{\"@type\":\"ListItem\",\"position\":2,\"name\":\"SHOP\",\"item\":\"https:\/\/murusplus.com\/shop\/\"},{\"@type\":\"ListItem\",\"position\":3,\"name\":\"murusPlus Beck Board (Torwart-Trainingsger\u00e4t)\"}]},{\"@type\":\"WebSite\",\"@id\":\"https:\/\/murusplus.com\/#website\",\"url\":\"https:\/\/murusplus.com\/\",\"name\":\"Murusplus\",\"description\":\"Kage Sports Solution\",\"publisher\":{\"@id\":\"https:\/\/murusplus.com\/#organization\"},\"potentialAction\":[{\"@type\":\"SearchAction\",\"target\":{\"@type\":\"EntryPoint\",\"urlTemplate\":\"https:\/\/murusplus.com\/?s={search_term_string}\"},\"query-input\":{\"@type\":\"PropertyValueSpecification\",\"valueRequired\":true,\"valueName\":\"search_term_string\"}}],\"inLanguage\":\"en-GB\"},{\"@type\":\"Organization\",\"@id\":\"https:\/\/murusplus.com\/#organization\",\"name\":\"Murusplus\",\"url\":\"https:\/\/murusplus.com\/\",\"logo\":{\"@type\":\"ImageObject\",\"inLanguage\":\"en-GB\",\"@id\":\"https:\/\/murusplus.com\/#\/schema\/logo\/image\/\",\"url\":\"https:\/\/murusplus.com\/wp-content\/uploads\/2021\/09\/cropped-murusplus_logo_2021.png\",\"contentUrl\":\"https:\/\/murusplus.com\/wp-content\/uploads\/2021\/09\/cropped-murusplus_logo_2021.png\",\"width\":512,\"height\":170,\"caption\":\"Murusplus\"},\"image\":{\"@id\":\"https:\/\/murusplus.com\/#\/schema\/logo\/image\/\"},\"sameAs\":[\"https:\/\/www.facebook.com\/FussballPrallwand\",\"https:\/\/x.com\/fussball_rebounder\",\"https:\/\/www.youtube.com\/channel\/UCiUPWzDaewxD-85Kaqx0DAg\",\"https:\/\/www.linkedin.com\/in\/kresimir-grbavac-55a8b9102?miniProfileUrn=urnlifs_miniProfileACoAABoeOtYB5SPygbdOeZ9SHnCo5pb1jdNeQz0&lipi=urnlipaged_flagship3_search_srp_allbBAPAWyUQ6CYF4biAt9gJQ\",\"https:\/\/www.tiktok.com\/@murusplus_rebounder\"]}]}<\/script>\n<!-- \/ Yoast SEO plugin. -->","yoast_head_json":{"title":"Torwart Trainingsger\u00e4t | Profi Fu\u00dfball Rebounder f\u00fcr Torh\u00fcter","description":"Das ultimative Torwart Trainingsger\u00e4t von Murusplus. Verbessern Sie Reflexe, Sprungkraft und Ballsicherheit mit unserem Profi Fu\u00dfball Rebounder. Speziell f\u00fcr Torh\u00fcter entwickelt!","robots":{"index":"index","follow":"follow","max-snippet":"max-snippet:-1","max-image-preview":"max-image-preview:large","max-video-preview":"max-video-preview:-1"},"canonical":"https:\/\/murusplus.com\/en\/product\/torwart-trainingsgeraet-fussball-rebounder\/","og_locale":"en_GB","og_type":"article","og_title":"Torwart Trainingsger\u00e4t | Profi Fu\u00dfball Rebounder f\u00fcr Torh\u00fcter","og_description":"Das ultimative Torwart Trainingsger\u00e4t von Murusplus. Verbessern Sie Reflexe, Sprungkraft und Ballsicherheit mit unserem Profi Fu\u00dfball Rebounder. Speziell f\u00fcr Torh\u00fcter entwickelt!","og_url":"https:\/\/murusplus.com\/en\/product\/torwart-trainingsgeraet-fussball-rebounder\/","og_site_name":"Murusplus","article_publisher":"https:\/\/www.facebook.com\/FussballPrallwand","article_modified_time":"2026-02-16T19:17:15+00:00","og_image":[{"width":1920,"height":1280,"url":"https:\/\/murusplus.com\/wp-content\/uploads\/2021\/11\/Beck-Board_1_compressed.jpg","type":"image\/jpeg"}],"twitter_card":"summary_large_image","twitter_site":"@fussball_rebounder","twitter_misc":{"Estimated reading time":"1 minute"},"schema":{"@context":"https:\/\/schema.org","@graph":[{"@type":"WebPage","@id":"https:\/\/murusplus.com\/product\/torwart-trainingsgeraet-fussball-rebounder\/","url":"https:\/\/murusplus.com\/product\/torwart-trainingsgeraet-fussball-rebounder\/","name":"Torwart Trainingsger\u00e4t | Profi Fu\u00dfball Rebounder f\u00fcr Torh\u00fcter","isPartOf":{"@id":"https:\/\/murusplus.com\/#website"},"primaryImageOfPage":{"@id":"https:\/\/murusplus.com\/product\/torwart-trainingsgeraet-fussball-rebounder\/#primaryimage"},"image":{"@id":"https:\/\/murusplus.com\/product\/torwart-trainingsgeraet-fussball-rebounder\/#primaryimage"},"thumbnailUrl":"https:\/\/murusplus.com\/wp-content\/uploads\/2021\/11\/Beck-Board_1_compressed.jpg","datePublished":"2021-11-06T16:07:17+00:00","dateModified":"2026-02-16T19:17:15+00:00","description":"Das ultimative Torwart Trainingsger\u00e4t von Murusplus. Verbessern Sie Reflexe, Sprungkraft und Ballsicherheit mit unserem Profi Fu\u00dfball Rebounder. Speziell f\u00fcr Torh\u00fcter entwickelt!","breadcrumb":{"@id":"https:\/\/murusplus.com\/product\/torwart-trainingsgeraet-fussball-rebounder\/#breadcrumb"},"inLanguage":"en-GB","potentialAction":[{"@type":"ReadAction","target":["https:\/\/murusplus.com\/product\/torwart-trainingsgeraet-fussball-rebounder\/"]}]},{"@type":"ImageObject","inLanguage":"en-GB","@id":"https:\/\/murusplus.com\/product\/torwart-trainingsgeraet-fussball-rebounder\/#primaryimage","url":"https:\/\/murusplus.com\/wp-content\/uploads\/2021\/11\/Beck-Board_1_compressed.jpg","contentUrl":"https:\/\/murusplus.com\/wp-content\/uploads\/2021\/11\/Beck-Board_1_compressed.jpg","width":1920,"height":1280},{"@type":"BreadcrumbList","@id":"https:\/\/murusplus.com\/product\/torwart-trainingsgeraet-fussball-rebounder\/#breadcrumb","itemListElement":[{"@type":"ListItem","position":1,"name":"Home","item":"https:\/\/murusplus.com\/"},{"@type":"ListItem","position":2,"name":"SHOP","item":"https:\/\/murusplus.com\/shop\/"},{"@type":"ListItem","position":3,"name":"murusPlus Beck Board (Torwart-Trainingsger\u00e4t)"}]},{"@type":"WebSite","@id":"https:\/\/murusplus.com\/#website","url":"https:\/\/murusplus.com\/","name":"Murusplus","description":"Kage Sports Solution","publisher":{"@id":"https:\/\/murusplus.com\/#organization"},"potentialAction":[{"@type":"SearchAction","target":{"@type":"EntryPoint","urlTemplate":"https:\/\/murusplus.com\/?s={search_term_string}"},"query-input":{"@type":"PropertyValueSpecification","valueRequired":true,"valueName":"search_term_string"}}],"inLanguage":"en-GB"},{"@type":"Organization","@id":"https:\/\/murusplus.com\/#organization","name":"Murusplus","url":"https:\/\/murusplus.com\/","logo":{"@type":"ImageObject","inLanguage":"en-GB","@id":"https:\/\/murusplus.com\/#\/schema\/logo\/image\/","url":"https:\/\/murusplus.com\/wp-content\/uploads\/2021\/09\/cropped-murusplus_logo_2021.png","contentUrl":"https:\/\/murusplus.com\/wp-content\/uploads\/2021\/09\/cropped-murusplus_logo_2021.png","width":512,"height":170,"caption":"Murusplus"},"image":{"@id":"https:\/\/murusplus.com\/#\/schema\/logo\/image\/"},"sameAs":["https:\/\/www.facebook.com\/FussballPrallwand","https:\/\/x.com\/fussball_rebounder","https:\/\/www.youtube.com\/channel\/UCiUPWzDaewxD-85Kaqx0DAg","https:\/\/www.linkedin.com\/in\/kresimir-grbavac-55a8b9102?miniProfileUrn=urnlifs_miniProfileACoAABoeOtYB5SPygbdOeZ9SHnCo5pb1jdNeQz0&lipi=urnlipaged_flagship3_search_srp_allbBAPAWyUQ6CYF4biAt9gJQ","https:\/\/www.tiktok.com\/@murusplus_rebounder"]}]}},"_links":{"self":[{"href":"https:\/\/murusplus.com\/en\/wp-json\/wp\/v2\/product\/688","targetHints":{"allow":["GET"]}}],"collection":[{"href":"https:\/\/murusplus.com\/en\/wp-json\/wp\/v2\/product"}],"about":[{"href":"https:\/\/murusplus.com\/en\/wp-json\/wp\/v2\/types\/product"}],"replies":[{"embeddable":true,"href":"https:\/\/murusplus.com\/en\/wp-json\/wp\/v2\/comments?post=688"}],"version-history":[{"count":3,"href":"https:\/\/murusplus.com\/en\/wp-json\/wp\/v2\/product\/688\/revisions"}],"predecessor-version":[{"id":1138,"href":"https:\/\/murusplus.com\/en\/wp-json\/wp\/v2\/product\/688\/revisions\/1138"}],"wp:featuredmedia":[{"embeddable":true,"href":"https:\/\/murusplus.com\/en\/wp-json\/wp\/v2\/media\/689"}],"wp:attachment":[{"href":"https:\/\/murusplus.com\/en\/wp-json\/wp\/v2\/media?parent=688"}],"wp:term":[{"taxonomy":"product_brand","embeddable":true,"href":"https:\/\/murusplus.com\/en\/wp-json\/wp\/v2\/product_brand?post=688"},{"taxonomy":"product_cat","embeddable":true,"href":"https:\/\/murusplus.com\/en\/wp-json\/wp\/v2\/product_cat?post=688"},{"taxonomy":"product_tag","embeddable":true,"href":"https:\/\/murusplus.com\/en\/wp-json\/wp\/v2\/product_tag?post=688"}],"curies":[{"name":"wp","href":"https:\/\/api.w.org\/{rel}","templated":true}]}}