{"id":822,"date":"2022-03-23T21:56:03","date_gmt":"2022-03-23T21:56:03","guid":{"rendered":"https:\/\/murusplus.com\/?post_type=product&#038;p=822"},"modified":"2026-02-16T19:44:02","modified_gmt":"2026-02-16T19:44:02","slug":"fussball-trainings-guide-kinder-jugendliche","status":"publish","type":"product","link":"https:\/\/murusplus.com\/en\/product\/fussball-trainings-guide-kinder-jugendliche\/","title":{"rendered":"FUSSBALL TRAININGS-Guide F\u00dcR KINDER &#038; JUGENDLICHE von KRESIMIR GRBAVAC"},"content":{"rendered":"<p>FUSSBALL TRAININGS-Guide F\u00dcR KINDER &amp; JUGENDLICHE von KRESIMIR GRBAVAC<\/p>\n<p>Buch im pdf Format. Wird an Ihre E-Mail Adresse geschickt.<\/p>","protected":false},"excerpt":{"rendered":"<p>FUSSBALL TRAININGS-Guide F\u00dcR KINDER &amp; JUGENDLICHE von KRESIMIR GRBAVAC Buch im pdf Format. Wird an Ihre E-Mail Adresse geschickt.<\/p>","protected":false},"featured_media":823,"comment_status":"open","ping_status":"closed","template":"","meta":[],"product_brand":[],"product_cat":[33],"product_tag":[],"class_list":{"0":"post-822","1":"product","2":"type-product","3":"status-publish","4":"has-post-thumbnail","6":"product_cat-murusplus-guide","7":"product_shipping_class-small-shipping","8":"entry","10":"first","11":"instock","12":"taxable","13":"shipping-taxable","14":"purchasable","15":"product-type-simple"},"yoast_head":"<!-- This site is optimized with the Yoast SEO plugin v26.9 - https:\/\/yoast.com\/product\/yoast-seo-wordpress\/ -->\n<title>Fu\u00dfball Trainings-Guide f\u00fcr Kinder &amp; Jugendliche | Murusplus<\/title>\n<meta name=\"description\" content=\"Der ultimative Fu\u00dfball Trainings-Guide von Kre\u0161imir Grbavac. Effektive \u00dcbungen f\u00fcr Kinder &amp; Jugendliche zur Verbesserung von Technik, Ballkontrolle und Koordination. Jetzt PDF sichern!\" \/>\n<meta name=\"robots\" content=\"index, follow, max-snippet:-1, max-image-preview:large, max-video-preview:-1\" \/>\n<link rel=\"canonical\" href=\"https:\/\/murusplus.com\/en\/product\/fussball-trainings-guide-kinder-jugendliche\/\" \/>\n<meta property=\"og:locale\" content=\"en_GB\" \/>\n<meta property=\"og:type\" content=\"article\" \/>\n<meta property=\"og:title\" content=\"Fu\u00dfball Trainings-Guide f\u00fcr Kinder &amp; Jugendliche | Murusplus\" \/>\n<meta property=\"og:description\" content=\"Der ultimative Fu\u00dfball Trainings-Guide von Kre\u0161imir Grbavac. Effektive \u00dcbungen f\u00fcr Kinder &amp; Jugendliche zur Verbesserung von Technik, Ballkontrolle und Koordination. Jetzt PDF sichern!\" \/>\n<meta property=\"og:url\" content=\"https:\/\/murusplus.com\/en\/product\/fussball-trainings-guide-kinder-jugendliche\/\" \/>\n<meta property=\"og:site_name\" content=\"Murusplus\" \/>\n<meta property=\"article:publisher\" content=\"https:\/\/www.facebook.com\/FussballPrallwand\" \/>\n<meta property=\"article:modified_time\" content=\"2026-02-16T19:44:02+00:00\" \/>\n<meta property=\"og:image\" content=\"https:\/\/murusplus.com\/wp-content\/uploads\/2022\/03\/Buch-Kresimir-Grbavac-Cover-Foto.png\" \/>\n\t<meta property=\"og:image:width\" content=\"510\" \/>\n\t<meta property=\"og:image:height\" content=\"677\" \/>\n\t<meta property=\"og:image:type\" content=\"image\/png\" \/>\n<meta name=\"twitter:card\" content=\"summary_large_image\" \/>\n<meta name=\"twitter:site\" content=\"@fussball_rebounder\" \/>\n<meta name=\"twitter:label1\" content=\"Estimated reading time\" \/>\n\t<meta name=\"twitter:data1\" content=\"1 minute\" \/>\n<script type=\"application\/ld+json\" class=\"yoast-schema-graph\">{\"@context\":\"https:\/\/schema.org\",\"@graph\":[{\"@type\":\"WebPage\",\"@id\":\"https:\/\/murusplus.com\/product\/fussball-trainings-guide-kinder-jugendliche\/\",\"url\":\"https:\/\/murusplus.com\/product\/fussball-trainings-guide-kinder-jugendliche\/\",\"name\":\"Fu\u00dfball Trainings-Guide f\u00fcr Kinder & Jugendliche | Murusplus\",\"isPartOf\":{\"@id\":\"https:\/\/murusplus.com\/#website\"},\"primaryImageOfPage\":{\"@id\":\"https:\/\/murusplus.com\/product\/fussball-trainings-guide-kinder-jugendliche\/#primaryimage\"},\"image\":{\"@id\":\"https:\/\/murusplus.com\/product\/fussball-trainings-guide-kinder-jugendliche\/#primaryimage\"},\"thumbnailUrl\":\"https:\/\/murusplus.com\/wp-content\/uploads\/2022\/03\/Buch-Kresimir-Grbavac-Cover-Foto.png\",\"datePublished\":\"2022-03-23T21:56:03+00:00\",\"dateModified\":\"2026-02-16T19:44:02+00:00\",\"description\":\"Der ultimative Fu\u00dfball Trainings-Guide von Kre\u0161imir Grbavac. Effektive \u00dcbungen f\u00fcr Kinder & Jugendliche zur Verbesserung von Technik, Ballkontrolle und Koordination. Jetzt PDF sichern!\",\"breadcrumb\":{\"@id\":\"https:\/\/murusplus.com\/product\/fussball-trainings-guide-kinder-jugendliche\/#breadcrumb\"},\"inLanguage\":\"en-GB\",\"potentialAction\":[{\"@type\":\"ReadAction\",\"target\":[\"https:\/\/murusplus.com\/product\/fussball-trainings-guide-kinder-jugendliche\/\"]}]},{\"@type\":\"ImageObject\",\"inLanguage\":\"en-GB\",\"@id\":\"https:\/\/murusplus.com\/product\/fussball-trainings-guide-kinder-jugendliche\/#primaryimage\",\"url\":\"https:\/\/murusplus.com\/wp-content\/uploads\/2022\/03\/Buch-Kresimir-Grbavac-Cover-Foto.png\",\"contentUrl\":\"https:\/\/murusplus.com\/wp-content\/uploads\/2022\/03\/Buch-Kresimir-Grbavac-Cover-Foto.png\",\"width\":510,\"height\":677},{\"@type\":\"BreadcrumbList\",\"@id\":\"https:\/\/murusplus.com\/product\/fussball-trainings-guide-kinder-jugendliche\/#breadcrumb\",\"itemListElement\":[{\"@type\":\"ListItem\",\"position\":1,\"name\":\"Home\",\"item\":\"https:\/\/murusplus.com\/\"},{\"@type\":\"ListItem\",\"position\":2,\"name\":\"SHOP\",\"item\":\"https:\/\/murusplus.com\/shop\/\"},{\"@type\":\"ListItem\",\"position\":3,\"name\":\"FUSSBALL TRAININGS-Guide F\u00dcR KINDER &#038; JUGENDLICHE von KRESIMIR GRBAVAC\"}]},{\"@type\":\"WebSite\",\"@id\":\"https:\/\/murusplus.com\/#website\",\"url\":\"https:\/\/murusplus.com\/\",\"name\":\"Murusplus\",\"description\":\"Kage Sports Solution\",\"publisher\":{\"@id\":\"https:\/\/murusplus.com\/#organization\"},\"potentialAction\":[{\"@type\":\"SearchAction\",\"target\":{\"@type\":\"EntryPoint\",\"urlTemplate\":\"https:\/\/murusplus.com\/?s={search_term_string}\"},\"query-input\":{\"@type\":\"PropertyValueSpecification\",\"valueRequired\":true,\"valueName\":\"search_term_string\"}}],\"inLanguage\":\"en-GB\"},{\"@type\":\"Organization\",\"@id\":\"https:\/\/murusplus.com\/#organization\",\"name\":\"Murusplus\",\"url\":\"https:\/\/murusplus.com\/\",\"logo\":{\"@type\":\"ImageObject\",\"inLanguage\":\"en-GB\",\"@id\":\"https:\/\/murusplus.com\/#\/schema\/logo\/image\/\",\"url\":\"https:\/\/murusplus.com\/wp-content\/uploads\/2021\/09\/cropped-murusplus_logo_2021.png\",\"contentUrl\":\"https:\/\/murusplus.com\/wp-content\/uploads\/2021\/09\/cropped-murusplus_logo_2021.png\",\"width\":512,\"height\":170,\"caption\":\"Murusplus\"},\"image\":{\"@id\":\"https:\/\/murusplus.com\/#\/schema\/logo\/image\/\"},\"sameAs\":[\"https:\/\/www.facebook.com\/FussballPrallwand\",\"https:\/\/x.com\/fussball_rebounder\",\"https:\/\/www.youtube.com\/channel\/UCiUPWzDaewxD-85Kaqx0DAg\",\"https:\/\/www.linkedin.com\/in\/kresimir-grbavac-55a8b9102?miniProfileUrn=urnlifs_miniProfileACoAABoeOtYB5SPygbdOeZ9SHnCo5pb1jdNeQz0&lipi=urnlipaged_flagship3_search_srp_allbBAPAWyUQ6CYF4biAt9gJQ\",\"https:\/\/www.tiktok.com\/@murusplus_rebounder\"]}]}<\/script>\n<!-- \/ Yoast SEO plugin. -->","yoast_head_json":{"title":"Fu\u00dfball Trainings-Guide f\u00fcr Kinder & Jugendliche | Murusplus","description":"Der ultimative Fu\u00dfball Trainings-Guide von Kre\u0161imir Grbavac. Effektive \u00dcbungen f\u00fcr Kinder & Jugendliche zur Verbesserung von Technik, Ballkontrolle und Koordination. Jetzt PDF sichern!","robots":{"index":"index","follow":"follow","max-snippet":"max-snippet:-1","max-image-preview":"max-image-preview:large","max-video-preview":"max-video-preview:-1"},"canonical":"https:\/\/murusplus.com\/en\/product\/fussball-trainings-guide-kinder-jugendliche\/","og_locale":"en_GB","og_type":"article","og_title":"Fu\u00dfball Trainings-Guide f\u00fcr Kinder & Jugendliche | Murusplus","og_description":"Der ultimative Fu\u00dfball Trainings-Guide von Kre\u0161imir Grbavac. Effektive \u00dcbungen f\u00fcr Kinder & Jugendliche zur Verbesserung von Technik, Ballkontrolle und Koordination. Jetzt PDF sichern!","og_url":"https:\/\/murusplus.com\/en\/product\/fussball-trainings-guide-kinder-jugendliche\/","og_site_name":"Murusplus","article_publisher":"https:\/\/www.facebook.com\/FussballPrallwand","article_modified_time":"2026-02-16T19:44:02+00:00","og_image":[{"width":510,"height":677,"url":"https:\/\/murusplus.com\/wp-content\/uploads\/2022\/03\/Buch-Kresimir-Grbavac-Cover-Foto.png","type":"image\/png"}],"twitter_card":"summary_large_image","twitter_site":"@fussball_rebounder","twitter_misc":{"Estimated reading time":"1 minute"},"schema":{"@context":"https:\/\/schema.org","@graph":[{"@type":"WebPage","@id":"https:\/\/murusplus.com\/product\/fussball-trainings-guide-kinder-jugendliche\/","url":"https:\/\/murusplus.com\/product\/fussball-trainings-guide-kinder-jugendliche\/","name":"Fu\u00dfball Trainings-Guide f\u00fcr Kinder & Jugendliche | Murusplus","isPartOf":{"@id":"https:\/\/murusplus.com\/#website"},"primaryImageOfPage":{"@id":"https:\/\/murusplus.com\/product\/fussball-trainings-guide-kinder-jugendliche\/#primaryimage"},"image":{"@id":"https:\/\/murusplus.com\/product\/fussball-trainings-guide-kinder-jugendliche\/#primaryimage"},"thumbnailUrl":"https:\/\/murusplus.com\/wp-content\/uploads\/2022\/03\/Buch-Kresimir-Grbavac-Cover-Foto.png","datePublished":"2022-03-23T21:56:03+00:00","dateModified":"2026-02-16T19:44:02+00:00","description":"Der ultimative Fu\u00dfball Trainings-Guide von Kre\u0161imir Grbavac. Effektive \u00dcbungen f\u00fcr Kinder & Jugendliche zur Verbesserung von Technik, Ballkontrolle und Koordination. Jetzt PDF sichern!","breadcrumb":{"@id":"https:\/\/murusplus.com\/product\/fussball-trainings-guide-kinder-jugendliche\/#breadcrumb"},"inLanguage":"en-GB","potentialAction":[{"@type":"ReadAction","target":["https:\/\/murusplus.com\/product\/fussball-trainings-guide-kinder-jugendliche\/"]}]},{"@type":"ImageObject","inLanguage":"en-GB","@id":"https:\/\/murusplus.com\/product\/fussball-trainings-guide-kinder-jugendliche\/#primaryimage","url":"https:\/\/murusplus.com\/wp-content\/uploads\/2022\/03\/Buch-Kresimir-Grbavac-Cover-Foto.png","contentUrl":"https:\/\/murusplus.com\/wp-content\/uploads\/2022\/03\/Buch-Kresimir-Grbavac-Cover-Foto.png","width":510,"height":677},{"@type":"BreadcrumbList","@id":"https:\/\/murusplus.com\/product\/fussball-trainings-guide-kinder-jugendliche\/#breadcrumb","itemListElement":[{"@type":"ListItem","position":1,"name":"Home","item":"https:\/\/murusplus.com\/"},{"@type":"ListItem","position":2,"name":"SHOP","item":"https:\/\/murusplus.com\/shop\/"},{"@type":"ListItem","position":3,"name":"FUSSBALL TRAININGS-Guide F\u00dcR KINDER &#038; JUGENDLICHE von KRESIMIR GRBAVAC"}]},{"@type":"WebSite","@id":"https:\/\/murusplus.com\/#website","url":"https:\/\/murusplus.com\/","name":"Murusplus","description":"Kage Sports Solution","publisher":{"@id":"https:\/\/murusplus.com\/#organization"},"potentialAction":[{"@type":"SearchAction","target":{"@type":"EntryPoint","urlTemplate":"https:\/\/murusplus.com\/?s={search_term_string}"},"query-input":{"@type":"PropertyValueSpecification","valueRequired":true,"valueName":"search_term_string"}}],"inLanguage":"en-GB"},{"@type":"Organization","@id":"https:\/\/murusplus.com\/#organization","name":"Murusplus","url":"https:\/\/murusplus.com\/","logo":{"@type":"ImageObject","inLanguage":"en-GB","@id":"https:\/\/murusplus.com\/#\/schema\/logo\/image\/","url":"https:\/\/murusplus.com\/wp-content\/uploads\/2021\/09\/cropped-murusplus_logo_2021.png","contentUrl":"https:\/\/murusplus.com\/wp-content\/uploads\/2021\/09\/cropped-murusplus_logo_2021.png","width":512,"height":170,"caption":"Murusplus"},"image":{"@id":"https:\/\/murusplus.com\/#\/schema\/logo\/image\/"},"sameAs":["https:\/\/www.facebook.com\/FussballPrallwand","https:\/\/x.com\/fussball_rebounder","https:\/\/www.youtube.com\/channel\/UCiUPWzDaewxD-85Kaqx0DAg","https:\/\/www.linkedin.com\/in\/kresimir-grbavac-55a8b9102?miniProfileUrn=urnlifs_miniProfileACoAABoeOtYB5SPygbdOeZ9SHnCo5pb1jdNeQz0&lipi=urnlipaged_flagship3_search_srp_allbBAPAWyUQ6CYF4biAt9gJQ","https:\/\/www.tiktok.com\/@murusplus_rebounder"]}]}},"_links":{"self":[{"href":"https:\/\/murusplus.com\/en\/wp-json\/wp\/v2\/product\/822","targetHints":{"allow":["GET"]}}],"collection":[{"href":"https:\/\/murusplus.com\/en\/wp-json\/wp\/v2\/product"}],"about":[{"href":"https:\/\/murusplus.com\/en\/wp-json\/wp\/v2\/types\/product"}],"replies":[{"embeddable":true,"href":"https:\/\/murusplus.com\/en\/wp-json\/wp\/v2\/comments?post=822"}],"version-history":[{"count":1,"href":"https:\/\/murusplus.com\/en\/wp-json\/wp\/v2\/product\/822\/revisions"}],"predecessor-version":[{"id":1154,"href":"https:\/\/murusplus.com\/en\/wp-json\/wp\/v2\/product\/822\/revisions\/1154"}],"wp:featuredmedia":[{"embeddable":true,"href":"https:\/\/murusplus.com\/en\/wp-json\/wp\/v2\/media\/823"}],"wp:attachment":[{"href":"https:\/\/murusplus.com\/en\/wp-json\/wp\/v2\/media?parent=822"}],"wp:term":[{"taxonomy":"product_brand","embeddable":true,"href":"https:\/\/murusplus.com\/en\/wp-json\/wp\/v2\/product_brand?post=822"},{"taxonomy":"product_cat","embeddable":true,"href":"https:\/\/murusplus.com\/en\/wp-json\/wp\/v2\/product_cat?post=822"},{"taxonomy":"product_tag","embeddable":true,"href":"https:\/\/murusplus.com\/en\/wp-json\/wp\/v2\/product_tag?post=822"}],"curies":[{"name":"wp","href":"https:\/\/api.w.org\/{rel}","templated":true}]}}